{"id":9,"date":"2025-08-28T07:47:22","date_gmt":"2025-08-28T07:47:22","guid":{"rendered":"http:\/\/ostanin-rse.fr\/?page_id=9"},"modified":"2026-03-19T15:03:47","modified_gmt":"2026-03-19T14:03:47","slug":"main-page","status":"publish","type":"page","link":"https:\/\/ostanin-rse.fr\/en\/","title":{"rendered":"Homepage"},"content":{"rendered":"<!-- HERO -->\n<section class=\"mo-hero mo-reveal\" aria-labelledby=\"hero-title\">\n  <div class=\"mo-wrap mo-hero-grid\">\n    <figure class=\"mo-hero-figure mod-circle\">\n      <img decoding=\"async\" src=\"https:\/\/ostanin-rse.fr\/wp-content\/uploads\/2025\/08\/me.jpg\" alt=\"Portrait \u2014 Mikhail Ostanin\" width=\"320\" height=\"320\" \/>\n    <\/figure>\n    <div class=\"mo-hero-content\">\n      <p class=\"mo-kicker\">CSR \u2022 Carbon footprint reports \u2022 Reporting<\/p>\n      <h1 id=\"hero-title\">Independent consultant in CSR &amp; sustainable transition<\/h1>\n      <p class=\"mo-lead\">I am Mikhail Ostanin, independent consultant in CSR and sustainable transition, based in Le Mans.<\/p>\n      <p>After a career in human resources, I chose to specialize in sustainable management at the University of Le Mans, before joining ESCP Business School for my first professional experience.<\/p>\n      <p>These projects allowed me to:<\/p>\n      <ul class=\"mo-list\">\n        <li>follow international accreditations,<\/li>\n        <li>develop awareness campaigns,<\/li>\n        <li>contribute to the reduction of the carbon footprint.<\/li>\n      <\/ul>\n      <p>Today, I support companies, associations and institutions that want to integrate sustainable development at the heart of their strategy and operations.<\/p>\n      <p>I intervene as an external consultant to strengthen your ongoing sustainability projects, bringing flexibility, cost control and targeted expertise.<\/p>\n      <p>I can also design and implement projects from their inception, building clear and operational plans tailored to your situation.<\/p>\n      <p class=\"mo-cta\">\n        <a class=\"mo-btn\" href=\"#contact\">Discuss your project<\/a>\n        <a class=\"mo-btn\" href=\"#services\">See all services<\/a>\n      <\/p>\n    <\/div>\n  <\/div>\n<\/section>\n\n\n<section id=\"mission\" class=\"mission-section mo-reveal\" aria-labelledby=\"mission-title\">\n  <div class=\"mission-wrap\">\n    <figure class=\"mission-figure\">\n      <img decoding=\"async\" src=\"https:\/\/ostanin-rse.fr\/wp-content\/uploads\/2025\/08\/plant.jpg\" alt=\"Jeune plante, symbole d'une croissance durable\" width=\"960\" height=\"1280\" \/>\n      <figcaption class=\"visually-hidden\">Atelier RSE \u2014 data, feuille de route, mise en \u0153uvre<\/figcaption>\n    <\/figure>\n    <div class=\"mission-content\">\n      <span class=\"mission-kicker\">Why choose me<\/span>\n      <h2 id=\"mission-title\" class=\"mission-title\">Transform ambitions into concrete actions.<\/h2>\n      <p class=\"mission-lead\">The ecological and social transition may seem complex or costly. Yet it becomes accessible when it is methodically structured.<\/p>\n      <p>I can:<\/p>\n      <ul class=\"mission-list\" role=\"list\">\n        <li>\n          <svg class=\"check\" viewbox=\"0 0 24 24\" aria-hidden=\"true\"><path d=\"M20 6 9 17l-5-5\"\/><\/svg>\n          Identify your improvement levers\n        <\/li>\n        <li>\n          <svg class=\"check\" viewbox=\"0 0 24 24\" aria-hidden=\"true\"><path d=\"M20 6 9 17l-5-5\"\/><\/svg>\n          Detect your blocking points and propose concrete solutions\n        <\/li>\n        <li>\n          <svg class=\"check\" viewbox=\"0 0 24 24\" aria-hidden=\"true\"><path d=\"M20 6 9 17l-5-5\"\/><\/svg>\n          Structure a clear and realistic roadmap\n        <\/li>\n        <li>\n          <svg class=\"check\" viewbox=\"0 0 24 24\" aria-hidden=\"true\"><path d=\"M20 6 9 17l-5-5\"\/><\/svg>\n          Highlight your commitments to your stakeholders\n        <\/li>\n      <\/ul>\n      <p>Each project is adapted to your reality: resources, regulatory constraints, sector context, expectations of stakeholders.<\/p>\n    <\/div>\n  <\/div>\n<\/section>\n\n\n\n<section id=\"collab\" class=\"mo-section mo-reveal\" aria-labelledby=\"collab-title\">\n  <div class=\"mo-wrap\">\n    <div class=\"mo-collab mo-card mo-reveal\">\n      <div class=\"mo-c-text\">\n        <h2 id=\"collab-title\">Let\u2019s build your CSR projects together<\/h2>\n        <p class=\"mo-muted\">I work in co-construction with my clients.<\/p>\n        <p class=\"mo-muted\">Each mission begins with an accurate diagnosis to identify your priorities:<\/p>\n        <ul class=\"mo-list mo-muted\">\n          <li>reduce carbon footprint<\/li>\n          <li>anticipate of regulatory obligations<\/li>\n          <li>internal governance and social practices<\/li>\n          <li>clear and credible communication<\/li>\n        <\/ul>\n        <p class=\"mo-muted\">Together, we define a pragmatic, realistic and measurable roadmap.<\/p>\n        <p class=\"mo-muted\">I train your teams and equip them to become actors in your transition.<\/p>\n        <a class=\"mo-pill\" href=\"#contact\">Discover the modalities<\/a>\n      <\/div>\n      <div class=\"mo-c-visual\" aria-hidden=\"true\">\n        <img decoding=\"async\" src=\"https:\/\/ostanin-rse.fr\/wp-content\/uploads\/2025\/08\/workshop.jpg\" alt=\"\" \/>\n        <div class=\"mo-overlay\"><\/div>\n      <\/div>\n    <\/div>\n  <\/div>\n<\/section>\n\n\n\n<section id=\"services\" class=\"mo-section mo-reveal\" aria-labelledby=\"services-title\">\n  <div class=\"mo-wrap\">\n    <h2 id=\"services-title\">Services<\/h2>\n    <div class=\"mo-grid mo-grid-3\">\n\n      <!-- Service 1 -->\n      <article class=\"mo-card mo-service mo-reveal\">\n        <h3><button class=\"service-toggle\" type=\"button\" aria-expanded=\"false\" aria-controls=\"service-a\">\n          CSR reporting &amp; accreditations\n        <\/button><\/h3>\n        <div id=\"service-a\" class=\"service-panel\" hidden>\n          <ul>\n            <li>Preparation for non-financial reporting (CSRD)<\/li>\n            <li>Implementation of CSR dashboards<\/li>\n            <li>Appui aux d\u00e9marches d&rsquo;accr\u00e9ditation<\/li>\n          <\/ul>\n        <\/div>\n      <\/article>\n\n      <!-- Service 2 -->\n      <article class=\"mo-card mo-service mo-reveal\">\n        <h3><button class=\"service-toggle\" type=\"button\" aria-expanded=\"false\" aria-controls=\"service-b\">\n          Awareness &amp; training\n        <\/button><\/h3>\n        <div id=\"service-b\" class=\"service-panel\" hidden>\n          <ul>\n            <li>Participatory workshops for employees, students or executives<\/li>\n            <li>Modules on sustainable transition and eco-gestures<\/li>\n            <li>Creation of educational content (guides, e-learning, visuals)<\/li>\n          <\/ul>\n        <\/div>\n      <\/article>\n\n      <!-- Service 3 -->\n      <article class=\"mo-card mo-service mo-reveal\">\n        <h3><button class=\"service-toggle\" type=\"button\" aria-expanded=\"false\" aria-controls=\"service-c\">\n          CSR strategy &amp; labels\n        <\/button><\/h3>\n        <div id=\"service-c\" class=\"service-panel\" hidden>\n          <ul>\n            <li>CSR roadmap tailored to your sector<\/li>\n            <li>Accompagnement \u00e0 l&rsquo;obtention de labels<\/li>\n            <li>Integration of issues into the global strategy<\/li>\n          <\/ul>\n        <\/div>\n      <\/article>\n\n      <!-- Service 4 -->\n      <article class=\"mo-card mo-service mo-reveal\">\n        <h3><button class=\"service-toggle\" type=\"button\" aria-expanded=\"false\" aria-controls=\"service-d\">\n          Communication on Sustainability\n        <\/button><\/h3>\n        <div id=\"service-d\" class=\"service-panel\" hidden>\n          <ul>\n            <li>Development of the CSR strategy (internal and external)<\/li>\n            <li>Creation of editorial and visual content<\/li>\n            <li>Valorization of actions among stakeholders<\/li>\n          <\/ul>\n        <\/div>\n      <\/article>\n\n      <!-- Service 5 -->\n      <article class=\"mo-card mo-service mo-reveal\">\n        <h3><button class=\"service-toggle\" type=\"button\" aria-expanded=\"false\" aria-controls=\"service-e\">\n          Sustainable event management\n        <\/button><\/h3>\n        <div id=\"service-e\" class=\"service-panel\" hidden>\n          <ul>\n            <li>Organisation ou co-organisation d&rsquo;\u00e9v\u00e9nements de sensibilisation<\/li>\n            <li>Coordination with internal teams and partners<\/li>\n            <li>Animation of thematic sessions and restitution of results<\/li>\n          <\/ul>\n        <\/div>\n      <\/article>\n\n    <\/div>\n  <\/div>\n<\/section>\n\n\n\n<section id=\"contact\" class=\"mo-section\">\n  <div class=\"mo-wrap\">\n    <h2>Contact<\/h2>\n    <ul class=\"mo-contact-list\">\n      <li>\n        <a class=\"mo-contact-link\" href=\"mailto:contact@ostanin-rse.fr\" target=\"_blank\" rel=\"noopener\">\n          <span class=\"label\">E-mail<\/span>\n          <span class=\"value\">contact@ostanin-rse.fr<\/span>\n          <span class=\"arrow\" aria-hidden=\"true\">\u2197<\/span>\n        <\/a>\n      <\/li>\n      <li>\n        <a class=\"mo-contact-link\" href=\"https:\/\/www.linkedin.com\/in\/mikhailostanin\/\" target=\"_blank\" rel=\"noopener\">\n          <span class=\"label\">LinkedIn<\/span>\n          <span class=\"value\">@mikhailostanin<\/span>\n          <span class=\"arrow\" aria-hidden=\"true\">\u2197<\/span>\n        <\/a>\n      <\/li>\n    <\/ul>\n  <\/div>\n<\/section>","protected":false},"excerpt":{"rendered":"<p>RSE \u2022 Bilans carbone \u2022 Reporting Consultant ind\u00e9pendant en RSE &amp; transition durable Je suis Mikhail Ostanin, consultant ind\u00e9pendant en RSE et transition durable, install\u00e9 au Mans. Apr\u00e8s un parcours en ressources humaines, j&rsquo;ai choisi de me sp\u00e9cialiser dans le management durable \u00e0 l&rsquo;Universit\u00e9 du Mans, avant de rejoindre ESCP Business School pour ma premi\u00e8re [&hellip;]<\/p>\n","protected":false},"author":1,"featured_media":0,"parent":0,"menu_order":0,"comment_status":"closed","ping_status":"closed","template":"","meta":{"footnotes":""},"class_list":["post-9","page","type-page","status-publish","hentry"],"_links":{"self":[{"href":"https:\/\/ostanin-rse.fr\/en\/wp-json\/wp\/v2\/pages\/9","targetHints":{"allow":["GET"]}}],"collection":[{"href":"https:\/\/ostanin-rse.fr\/en\/wp-json\/wp\/v2\/pages"}],"about":[{"href":"https:\/\/ostanin-rse.fr\/en\/wp-json\/wp\/v2\/types\/page"}],"author":[{"embeddable":true,"href":"https:\/\/ostanin-rse.fr\/en\/wp-json\/wp\/v2\/users\/1"}],"replies":[{"embeddable":true,"href":"https:\/\/ostanin-rse.fr\/en\/wp-json\/wp\/v2\/comments?post=9"}],"version-history":[{"count":66,"href":"https:\/\/ostanin-rse.fr\/en\/wp-json\/wp\/v2\/pages\/9\/revisions"}],"predecessor-version":[{"id":302,"href":"https:\/\/ostanin-rse.fr\/en\/wp-json\/wp\/v2\/pages\/9\/revisions\/302"}],"wp:attachment":[{"href":"https:\/\/ostanin-rse.fr\/en\/wp-json\/wp\/v2\/media?parent=9"}],"curies":[{"name":"wp","href":"https:\/\/api.w.org\/{rel}","templated":true}]}}